{"id":7336,"date":"2017-12-14T15:20:17","date_gmt":"2017-12-14T13:20:17","guid":{"rendered":"https:\/\/2023.jarmarka.de\/de\/?page_id=7336"},"modified":"2022-03-01T15:45:07","modified_gmt":"2022-03-01T13:45:07","slug":"musikwettbewerb","status":"publish","type":"page","link":"https:\/\/2023.jarmarka.de\/de\/musikwettbewerb","title":{"rendered":"Musikwettbewerb"},"content":{"rendered":"<p>[vc_row][vc_column][vc_column_text]<\/p>\n<div class=\"konkurs-row\">\n<div class=\"konkurs-content\">\n<p><strong><br \/>\nErgebnisse des Musikwettbewerbes \u201eThe Voice of Jarmarka\u201c!<\/strong><\/p>\n<p>Der Gewinner des Musikwettbewerbs ist <strong> Aleksej Peli\u0441h!<\/strong> &#x1f44f;&#x1f44d;<br \/>\nAleksej gewinnt auch die Reise ins sonnige Spanien!<\/p>\n<p>Unter TOP 10 sind folgende K\u00fcnslter:<br \/>\n<strong>Nurlan Shulakov &#x1f3a4;<br \/>\nAkritis &#x1f3a4;<br \/>\nNatalie Kujat &#x1f3a4;<br \/>\nOlga Neb &#x1f3a4;<br \/>\nAlexander Buch &#x1f3a4;<br \/>\nVitalij Bertram &#x1f3a4;<br \/>\nKorol Lir&amp;Expert &#x1f3a4;<br \/>\nXana &#x1f3a4;<br \/>\nKondrat Eckert &#x1f3a4;<br \/>\n<\/strong><br \/>\nWir gratulieren alle K\u00fcnstler aus TOP 10! Diese K\u00fcnstler treten auf der gro\u00dfen B\u00fchne der Jarmarka 2018 auf! &#x1f3b6;&#x1f3b6;<\/p>\n<p>P.S. Der Ticketverkauf f\u00fcr die \u201eJarmarka 2018\u201c ist gestartet! <a href=\"https:\/\/2023.jarmarka.de\/#tickets\">https:\/\/2023.jarmarka.de\/<\/a><br \/>\n&#8212;&#8212;&#8212;&#8212;&#8212;&#8212;&#8212;&#8212;&#8212;&#8212;&#8212;&#8212;&#8212;&#8212;&#8212;&#8212;&#8212;&#8212;&#8212;&#8212;&#8212;<\/p>\n<p style=\"text-align: left;\">Die 10 besten K\u00fcnstler, die meisten Stimmen bekommen, treten auf der Hauptb\u00fchne der Jarmarka 2018 auf!<\/p>\n<p style=\"text-align: left;\">Unser Hauptpreis ist eine Reise ins sonnige Spanien. Der Preis wird derjenige gewinnen, der am \u00f6ftesten vom Publikum gew\u00e4hlt wird.<br \/>\nWas braucht man daf\u00fcr? Nicht viel! Sie sollen nur eigene Lieder singen. Style und Genre spielen dabei keine Rolle, wir setzen hier keine Grenzen!<br \/>\nWenn Sie an die sem Musikwettbewerb teilnehmen wollen, f\u00fcllen Sie unten den Antrag aus und erz\u00e4hlen Sie davon Ihren Freunden und Bekannten. Verpassen Sie die Chance nicht, die Stimme der Jarmarka 2018 zu werden!<\/p>\n<div style=\"font-size: 18px; line-height: 23px; text-align: left; display: block; border: dotted 3px #bee2c5; border-radius: 10px; background: #f0fbf2; padding: 20px; margin-top: 15px;\">\n<p><strong><strong>Sehr geehrte Teilnehmer des Musikwettbewerbes \u201eThe Voice of Jarmarka\u201c!<\/strong><\/strong>Wegen vielen Anfragen bez\u00fcglich Auswahlkriterien f\u00fcr K\u00fcnstler f\u00fcr die Veranstaltung &#8220;Jarmarka&#8221; teilen wir mit: neben TOP-10 Gewinner, die meisten Stimmen bekommen, wird eine zus\u00e4tzliche Auswahl durch unsere professionelle Jury stattfinden. Diese Juryauswahl ist von Stimmenanzahl unabh\u00e4ngig und erfolgt durch fachliche Kriterien. Demzufolge hat jeder Musikwettbewerbsteilnehmer eine Chance auf der gro\u00dfen B\u00fchne der Jarmarka aufzutreten!<\/p>\n<p>Fristen des Musikwettbewerbes \u201eThe Voice of Jarmarka\u201c:<br \/>\nDas Voting l\u00e4uft von 11.01.2018 bis 28.02.2018.<br \/>\nEine Anmeldung zum Wettbewerb ist nur bis zum 31.01.2018 m\u00f6glich.<br \/>\nDie Ergebnisauswertung wird am 3.M\u00e4rz 2018 stattgefinden.<\/p>\n<p>P.S.\u00a0Bei Fragen oder Problemen wenden Sie sich bitte per E-Mail: <strong>star@jarmarka.de<\/strong><\/p>\n<\/div>\n<\/div>\n<div class=\"wrapp-asside\">\n<div class=\"konkurs-banner\"><img loading=\"lazy\" width=\"300\" height=\"750\" class=\"alignleft size-full wp-image-27331\" src=\"https:\/\/2023.jarmarka.de\/wp-content\/uploads\/banner_konkurs.jpg\" alt=\"\" \/><\/div>\n<div class=\"voice-record-wrapp\"><h3>Aufnahmestudios, mit denen wir zusammenarbeiten<\/h3><div class=\"voice-record\"><div class=\"item\"><div class=\"detail\"><a href=\"https:\/\/2023.jarmarka.de\/de\/bem-media-video-production\" class=\"title-event\">Bem-Media Videoproduktion<\/a><p>Professionelle Videoproduktion f\u00fcr Filme, Werbeclips, Imagevideos oder Musikvideos.<br \/>\r\n<br \/>\r\n<\/p><\/div><img src=\"https:\/\/2023.jarmarka.de\/wp-content\/cache\/thumb\/9f\/44d27a7623d449f_120x168.jpg\" alt=\"Bem-Media Videoproduktion\" \/><\/div><\/div><\/div>\n<\/div>\n<\/div>\n<p>[\/vc_column_text][\/vc_column][\/vc_row]<\/p>\n","protected":false},"excerpt":{"rendered":"<p>[vc_row][vc_column][vc_column_text] Ergebnisse des Musikwettbewerbes \u201eThe Voice of Jarmarka\u201c! Der Gewinner des Musikwettbewerbs ist Aleksej Peli\u0441h! &#x1f44f;&#x1f44d; Aleksej gewinnt auch die Reise ins sonnige Spanien! Unter TOP 10 sind folgende K\u00fcnslter: Nurlan Shulakov &#x1f3a4; Akritis &#x1f3a4; Natalie Kujat &#x1f3a4; Olga Neb &#x1f3a4; Alexander Buch &#x1f3a4; Vitalij Bertram &#x1f3a4; Korol Lir&amp;Expert &#x1f3a4; Xana &#x1f3a4; Kondrat Eckert &#x1f3a4;<\/p>\n","protected":false},"author":2,"featured_media":0,"parent":0,"menu_order":0,"comment_status":"closed","ping_status":"closed","template":"","meta":[],"acf":[],"yoast_head":"<!-- This site is optimized with the Yoast SEO plugin v20.2.1 - https:\/\/yoast.com\/wordpress\/plugins\/seo\/ -->\n<title>Musikwettbewerb<\/title>\n<meta name=\"robots\" content=\"index, follow, max-snippet:-1, max-image-preview:large, max-video-preview:-1\" \/>\n<link rel=\"canonical\" href=\"https:\/\/2023.jarmarka.de\/de\/musikwettbewerb\" \/>\n<meta name=\"twitter:label1\" content=\"Gesch\u00e4tzte Lesezeit\" \/>\n\t<meta name=\"twitter:data1\" content=\"2\u00a0Minuten\" \/>\n<script type=\"application\/ld+json\" class=\"yoast-schema-graph\">{\"@context\":\"https:\/\/schema.org\",\"@graph\":[{\"@type\":\"WebPage\",\"@id\":\"https:\/\/2023.jarmarka.de\/de\/musikwettbewerb\",\"url\":\"https:\/\/2023.jarmarka.de\/de\/musikwettbewerb\",\"name\":\"Musikwettbewerb\",\"isPartOf\":{\"@id\":\"https:\/\/2023.jarmarka.de\/#website\"},\"datePublished\":\"2017-12-14T13:20:17+00:00\",\"dateModified\":\"2022-03-01T13:45:07+00:00\",\"breadcrumb\":{\"@id\":\"https:\/\/2023.jarmarka.de\/de\/musikwettbewerb#breadcrumb\"},\"inLanguage\":\"de\",\"potentialAction\":[{\"@type\":\"ReadAction\",\"target\":[\"https:\/\/2023.jarmarka.de\/de\/musikwettbewerb\"]}]},{\"@type\":\"BreadcrumbList\",\"@id\":\"https:\/\/2023.jarmarka.de\/de\/musikwettbewerb#breadcrumb\",\"itemListElement\":[{\"@type\":\"ListItem\",\"position\":1,\"name\":\"Hauptseite\",\"item\":\"https:\/\/2023.jarmarka.de\/de\"},{\"@type\":\"ListItem\",\"position\":2,\"name\":\"Musikwettbewerb\"}]},{\"@type\":\"WebSite\",\"@id\":\"https:\/\/2023.jarmarka.de\/#website\",\"url\":\"https:\/\/2023.jarmarka.de\/\",\"name\":\"jarmarka.de\",\"description\":\"Jarmarka\",\"potentialAction\":[{\"@type\":\"SearchAction\",\"target\":{\"@type\":\"EntryPoint\",\"urlTemplate\":\"https:\/\/2023.jarmarka.de\/?s={search_term_string}\"},\"query-input\":\"required name=search_term_string\"}],\"inLanguage\":\"de\"}]}<\/script>\n<!-- \/ Yoast SEO plugin. -->","yoast_head_json":{"title":"Musikwettbewerb","robots":{"index":"index","follow":"follow","max-snippet":"max-snippet:-1","max-image-preview":"max-image-preview:large","max-video-preview":"max-video-preview:-1"},"canonical":"https:\/\/2023.jarmarka.de\/de\/musikwettbewerb","twitter_misc":{"Gesch\u00e4tzte Lesezeit":"2\u00a0Minuten"},"schema":{"@context":"https:\/\/schema.org","@graph":[{"@type":"WebPage","@id":"https:\/\/2023.jarmarka.de\/de\/musikwettbewerb","url":"https:\/\/2023.jarmarka.de\/de\/musikwettbewerb","name":"Musikwettbewerb","isPartOf":{"@id":"https:\/\/2023.jarmarka.de\/#website"},"datePublished":"2017-12-14T13:20:17+00:00","dateModified":"2022-03-01T13:45:07+00:00","breadcrumb":{"@id":"https:\/\/2023.jarmarka.de\/de\/musikwettbewerb#breadcrumb"},"inLanguage":"de","potentialAction":[{"@type":"ReadAction","target":["https:\/\/2023.jarmarka.de\/de\/musikwettbewerb"]}]},{"@type":"BreadcrumbList","@id":"https:\/\/2023.jarmarka.de\/de\/musikwettbewerb#breadcrumb","itemListElement":[{"@type":"ListItem","position":1,"name":"Hauptseite","item":"https:\/\/2023.jarmarka.de\/de"},{"@type":"ListItem","position":2,"name":"Musikwettbewerb"}]},{"@type":"WebSite","@id":"https:\/\/2023.jarmarka.de\/#website","url":"https:\/\/2023.jarmarka.de\/","name":"jarmarka.de","description":"Jarmarka","potentialAction":[{"@type":"SearchAction","target":{"@type":"EntryPoint","urlTemplate":"https:\/\/2023.jarmarka.de\/?s={search_term_string}"},"query-input":"required name=search_term_string"}],"inLanguage":"de"}]}},"_links":{"self":[{"href":"https:\/\/2023.jarmarka.de\/de\/wp-json\/wp\/v2\/pages\/7336"}],"collection":[{"href":"https:\/\/2023.jarmarka.de\/de\/wp-json\/wp\/v2\/pages"}],"about":[{"href":"https:\/\/2023.jarmarka.de\/de\/wp-json\/wp\/v2\/types\/page"}],"author":[{"embeddable":true,"href":"https:\/\/2023.jarmarka.de\/de\/wp-json\/wp\/v2\/users\/2"}],"replies":[{"embeddable":true,"href":"https:\/\/2023.jarmarka.de\/de\/wp-json\/wp\/v2\/comments?post=7336"}],"version-history":[{"count":2,"href":"https:\/\/2023.jarmarka.de\/de\/wp-json\/wp\/v2\/pages\/7336\/revisions"}],"predecessor-version":[{"id":97238,"href":"https:\/\/2023.jarmarka.de\/de\/wp-json\/wp\/v2\/pages\/7336\/revisions\/97238"}],"wp:attachment":[{"href":"https:\/\/2023.jarmarka.de\/de\/wp-json\/wp\/v2\/media?parent=7336"}],"curies":[{"name":"wp","href":"https:\/\/api.w.org\/{rel}","templated":true}]}}